{"id":16,"date":"2026-03-30T07:26:31","date_gmt":"2026-03-30T07:26:31","guid":{"rendered":"https:\/\/carinaundjohannes.de\/?page_id=16"},"modified":"2026-03-30T11:06:17","modified_gmt":"2026-03-30T11:06:17","slug":"datenschutz","status":"publish","type":"page","link":"https:\/\/carinaundjohannes.de\/?page_id=16","title":{"rendered":"Datenschutz"},"content":{"rendered":"\n<p><strong>Datenschutzerkl\u00e4rung<\/strong><\/p>\n\n\n\n<p><strong>1. Allgemeine Hinweise<\/strong><br>Der Schutz Ihrer pers\u00f6nlichen Daten ist uns ein besonderes Anliegen. Wir behandeln Ihre personenbezogenen Daten vertraulich und entsprechend den gesetzlichen Datenschutzvorschriften sowie dieser Datenschutzerkl\u00e4rung.<\/p>\n\n\n\n<hr class=\"wp-block-separator has-alpha-channel-opacity\"\/>\n\n\n\n<p><strong>2. Verantwortlicher<\/strong><br>Verantwortlich f\u00fcr die Datenverarbeitung auf dieser Website ist:<\/p>\n\n\n\n<p>Johannes Dittrich<br>Dorfstra\u00dfe 31\/1, 73433 Aalen<br>mail@carinaundjohannes.de<\/p>\n\n\n\n<hr class=\"wp-block-separator has-alpha-channel-opacity\"\/>\n\n\n\n<p><strong>3. Hosting<\/strong><br>Diese Website wird bei folgendem Anbieter gehostet:<\/p>\n\n\n\n<p>IONOS SE<br>Elgendorfer Str. 57<br>56410 Montabaur<br>Deutschland<\/p>\n\n\n\n<p>Beim Besuch dieser Website erfasst der Hosting-Anbieter automatisch Informationen in sogenannten Server-Logfiles, die Ihr Browser automatisch \u00fcbermittelt. Dies sind insbesondere:<\/p>\n\n\n\n<ul class=\"wp-block-list\">\n<li>IP-Adresse<\/li>\n\n\n\n<li>Datum und Uhrzeit der Anfrage<\/li>\n\n\n\n<li>Browsertyp und Browserversion<\/li>\n\n\n\n<li>verwendetes Betriebssystem<\/li>\n\n\n\n<li>Referrer URL<\/li>\n\n\n\n<li>Hostname des zugreifenden Rechners<\/li>\n<\/ul>\n\n\n\n<p>Diese Daten sind technisch erforderlich, um die Website korrekt darzustellen und die Stabilit\u00e4t und Sicherheit zu gew\u00e4hrleisten.<\/p>\n\n\n\n<p>Rechtsgrundlage ist Art. 6 Abs. 1 lit. f DSGVO (berechtigtes Interesse).<\/p>\n\n\n\n<hr class=\"wp-block-separator has-alpha-channel-opacity\"\/>\n\n\n\n<p><strong>4. SSL- bzw. TLS-Verschl\u00fcsselung<\/strong><br>Diese Seite nutzt aus Sicherheitsgr\u00fcnden und zum Schutz der \u00dcbertragung vertraulicher Inhalte eine SSL- bzw. TLS-Verschl\u00fcsselung.<\/p>\n\n\n\n<hr class=\"wp-block-separator has-alpha-channel-opacity\"\/>\n\n\n\n<p><strong>5. Kontaktaufnahme<\/strong><br>Wenn Sie uns per E-Mail oder Kontaktformular Anfragen zukommen lassen, werden Ihre Angaben inklusive der von Ihnen dort angegebenen Kontaktdaten zwecks Bearbeitung der Anfrage gespeichert.<\/p>\n\n\n\n<p>Diese Daten geben wir nicht ohne Ihre Einwilligung weiter.<\/p>\n\n\n\n<p>Rechtsgrundlage ist Art. 6 Abs. 1 lit. b DSGVO (Vertragserf\u00fcllung bzw. vorvertragliche Ma\u00dfnahmen).<\/p>\n\n\n\n<hr class=\"wp-block-separator has-alpha-channel-opacity\"\/>\n\n\n\n<p><strong>6. Cookies<\/strong><br>Zur Verwaltung der eingesetzten Cookies und \u00e4hnlichen Technologien (Tracking-Pixel, Web-Beacons etc.) und diesbez\u00fcglicher Einwilligungen setzen wir das Consent Tool &#8222;Real Cookie Banner&#8220; ein. Details zur Funktionsweise von &#8222;Real Cookie Banner&#8220; findest du unter <a href=\"https:\/\/devowl.io\/de\/rcb\/datenverarbeitung\/\" rel=\"noreferrer noopener\" target=\"_blank\">https:\/\/devowl.io\/de\/rcb\/datenverarbeitung\/<\/a>.<\/p>\n\n\n\n<p>Rechtsgrundlagen f\u00fcr die Verarbeitung von personenbezogenen Daten in diesem Zusammenhang sind Art. 6 Abs. 1 lit. c DS-GVO und Art. 6 Abs. 1 lit. f DS-GVO. Unser berechtigtes Interesse ist die Verwaltung der eingesetzten Cookies und \u00e4hnlichen Technologien und der diesbez\u00fcglichen Einwilligungen.<\/p>\n\n\n\n<p>Die Bereitstellung der personenbezogenen Daten ist weder vertraglich vorgeschrieben noch f\u00fcr den Abschluss eines Vertrages notwendig. Du bist nicht verpflichtet die personenbezogenen Daten bereitzustellen. Wenn du die personenbezogenen Daten nicht bereitstellst, k\u00f6nnen wir deine Einwilligungen nicht verwalten.<\/p>\n\n\n\n<hr class=\"wp-block-separator has-alpha-channel-opacity\"\/>\n\n\n\n<p><strong>7. Ihre Rechte<\/strong><br>Sie haben jederzeit das Recht auf:<\/p>\n\n\n\n<ul class=\"wp-block-list\">\n<li>Auskunft \u00fcber Ihre gespeicherten Daten<\/li>\n\n\n\n<li>Berichtigung unrichtiger Daten<\/li>\n\n\n\n<li>L\u00f6schung Ihrer Daten<\/li>\n\n\n\n<li>Einschr\u00e4nkung der Verarbeitung<\/li>\n\n\n\n<li>Daten\u00fcbertragbarkeit<\/li>\n\n\n\n<li>Widerruf Ihrer Einwilligung<\/li>\n<\/ul>\n\n\n\n<p>Zudem haben Sie ein Beschwerderecht bei einer zust\u00e4ndigen Datenschutzaufsichtsbeh\u00f6rde.<\/p>\n\n\n\n<hr class=\"wp-block-separator has-alpha-channel-opacity\"\/>\n\n\n\n<p><strong>8. Speicherdauer<\/strong><br>Ihre personenbezogenen Daten verbleiben bei uns, bis der Zweck f\u00fcr die Datenverarbeitung entf\u00e4llt oder Sie die L\u00f6schung verlangen, sofern keine gesetzlichen Aufbewahrungspflichten entgegenstehen.<\/p>\n\n\n\n<hr class=\"wp-block-separator has-alpha-channel-opacity\"\/>\n\n\n\n<p><strong>9. Aktualit\u00e4t und \u00c4nderung dieser Datenschutzerkl\u00e4rung<\/strong><br>Wir behalten uns vor, diese Datenschutzerkl\u00e4rung bei Bedarf anzupassen, damit sie stets den aktuellen rechtlichen Anforderungen entspricht.<\/p>\n","protected":false},"excerpt":{"rendered":"<p>Datenschutzerkl\u00e4rung 1. Allgemeine HinweiseDer Schutz Ihrer pers\u00f6nlichen Daten ist uns ein besonderes Anliegen. Wir behandeln Ihre personenbezogenen Daten vertraulich und entsprechend den gesetzlichen Datenschutzvorschriften sowie dieser Datenschutzerkl\u00e4rung. 2. VerantwortlicherVerantwortlich f\u00fcr die Datenverarbeitung auf dieser Website ist: Johannes DittrichDorfstra\u00dfe 31\/1, 73433 Aalenmail@carinaundjohannes.de 3. HostingDiese Website wird bei folgendem Anbieter gehostet: IONOS SEElgendorfer Str. 5756410 MontabaurDeutschland Beim [&hellip;]<\/p>\n","protected":false},"author":1,"featured_media":0,"parent":0,"menu_order":0,"comment_status":"closed","ping_status":"closed","template":"","meta":{"footnotes":""},"class_list":["post-16","page","type-page","status-publish","hentry"],"_links":{"self":[{"href":"https:\/\/carinaundjohannes.de\/index.php?rest_route=\/wp\/v2\/pages\/16","targetHints":{"allow":["GET"]}}],"collection":[{"href":"https:\/\/carinaundjohannes.de\/index.php?rest_route=\/wp\/v2\/pages"}],"about":[{"href":"https:\/\/carinaundjohannes.de\/index.php?rest_route=\/wp\/v2\/types\/page"}],"author":[{"embeddable":true,"href":"https:\/\/carinaundjohannes.de\/index.php?rest_route=\/wp\/v2\/users\/1"}],"replies":[{"embeddable":true,"href":"https:\/\/carinaundjohannes.de\/index.php?rest_route=%2Fwp%2Fv2%2Fcomments&post=16"}],"version-history":[{"count":2,"href":"https:\/\/carinaundjohannes.de\/index.php?rest_route=\/wp\/v2\/pages\/16\/revisions"}],"predecessor-version":[{"id":21,"href":"https:\/\/carinaundjohannes.de\/index.php?rest_route=\/wp\/v2\/pages\/16\/revisions\/21"}],"wp:attachment":[{"href":"https:\/\/carinaundjohannes.de\/index.php?rest_route=%2Fwp%2Fv2%2Fmedia&parent=16"}],"curies":[{"name":"wp","href":"https:\/\/api.w.org\/{rel}","templated":true}]}}